{"id":1768,"date":"2025-01-27T21:44:22","date_gmt":"2025-01-28T02:44:22","guid":{"rendered":"https:\/\/dev.fimav.qc.ca\/involvement\/"},"modified":"2026-02-08T13:21:22","modified_gmt":"2026-02-08T18:21:22","slug":"involvement","status":"publish","type":"page","link":"https:\/\/dev.fimav.qc.ca\/en\/involvement\/","title":{"rendered":"Get Involved"},"content":{"rendered":"\n<div class=\"wp-block-group\"><div class=\"wp-block-group__inner-container is-layout-constrained wp-block-group-is-layout-constrained\">\n<div class=\"wp-block-group gtm-section-compo\"><div class=\"wp-block-group__inner-container is-layout-constrained wp-block-group-is-layout-constrained\">\n<h1 class=\"wp-block-heading gtm-titre-bg-white-section\">Volunteering<\/h1>\n\n\n\n<div class=\"wp-block-group gtm-section-bg-white\"><div class=\"wp-block-group__inner-container is-layout-constrained wp-block-group-is-layout-constrained\">\n<h3 class=\"wp-block-heading\">Devenez b\u00e9n\u00e9vole du FIMAV! (page not available in English)<\/h3>\n\n\n\n<div class=\"wp-block-columns is-layout-flex wp-container-core-columns-is-layout-28f84493 wp-block-columns-is-layout-flex\">\n<div class=\"wp-block-column is-layout-flow wp-block-column-is-layout-flow\">\n<div class=\"wp-block-group gtm-sticky is-vertical is-layout-flex wp-container-core-group-is-layout-fe9cc265 wp-block-group-is-layout-flex\">\n<p>En mai, Victoriaville se pare des couleurs du FIMAV 42 et pour nous aider au succ\u00e8s du renouveau de cette \u00e9dition compl\u00e8te, nous sommes \u00e0 la recherche d\u2019une \u00e9quipe de b\u00e9n\u00e9voles passionn\u00e9\u00b7e\u00b7s, motiv\u00e9\u00b7e\u00b7s et curieux\u00b7se.<\/p>\n\n\n\n<p>C\u2019est tout de m\u00eame un \u00e9v\u00e9nement musical unique en Am\u00e9rique du Nord avec une programmation audacieuse ! <\/p>\n\n\n\n<p>Vous \u00eates disponibles entre le 8 et le 19 mai 2026 et vous avez envie de vivre une exp\u00e9rience collective, de rencontrer du monde et de plonger dans les coulisses du FIMAV, le tout dans une ambiance conviviale ? <\/p>\n\n\n\n<p>De nombreux postes sont propos\u00e9s : <br\/>&#8211; accueil du public, billetterie et informations, aide en cuisine, manutention, etc. <\/p>\n\n\n\n<p>Si vous avez des questions ou que vous souhaitez avoir plus d\u2019informations, n\u2019h\u00e9sitez pas<strong><a href=\"mailto:benevolat@fimav.qc.ca\"> \u00e0 communiquer <\/a><\/strong>avec Marion Mercier, Adjointe \u00e0 la production.<\/p>\n\n\n\n<p>En vous engageant avec nous, vous pourrez : <\/p>\n\n\n\n<ul class=\"wp-block-list\">\n<li>Avoir acc\u00e8s \u00e0 des spectacles de la Salle Les-Fr\u00e8res-Lemaire sur r\u00e9servation pr\u00e9alable mais aussi en fonction de la disponibilit\u00e9 des places restantes assister gratuitement \u00e0 d\u2019autres concerts (la priorit\u00e9 sera accord\u00e9e en fonction de l&#8217;ordre d&#8217;arriv\u00e9e) ; <\/li>\n<\/ul>\n\n\n\n<ul class=\"wp-block-list\">\n<li>Obtenir le sublime t-shirt du festival ; <\/li>\n<\/ul>\n\n\n\n<ul class=\"wp-block-list\">\n<li>Participer \u00e0 la soir\u00e9e de reconnaissance \u00e0 la fin du festival avec toute l\u2019\u00e9quipe du FIMAV (tirage de prix de pr\u00e9sence) ; <\/li>\n<\/ul>\n\n\n\n<ul class=\"wp-block-list\">\n<li>Rencontrer d\u2019autres humain\u00b7e\u00b7s formidables. <\/li>\n<\/ul>\n\n\n\n<p>Pr\u00eat\u00b7e\u00b7s \u00e0 nous rejoindre ? <\/p>\n\n\n\n<p>Les inscriptions b\u00e9n\u00e9voles sont ouvertes! Vous pouvez remplir le formulaire ici : <\/p>\n\n\n\n<div class=\"wp-block-buttons is-layout-flex wp-block-buttons-is-layout-flex\">\n<div class=\"wp-block-button\"><a class=\"wp-block-button__link wp-element-button\" href=\"https:\/\/forms.office.com\/Pages\/ResponsePage.aspx?id=-SCELDgQ5Umc1Re-BRe0pqiR901amIJFsvOOwqM4-DhUODM3NkMwQVNTMkNaQVY1RTlIQkJVRkwxMS4u\">Formulaire d&#8217;inscription<\/a><\/div>\n<\/div>\n<\/div>\n<\/div>\n\n\n\n<div class=\"wp-block-column is-layout-flow wp-block-column-is-layout-flow\">\n<figure class=\"wp-block-image size-large gtm-sticky gtm-radius is-style-default\"><img alt=\"\" decoding=\"async\" src=\"https:\/\/dev.fimav.qc.ca\/wp-content\/uploads\/2026\/02\/e&#x301;quipe-cuisine-et-ame&#x301;nagement-2-1024x768.jpg\" alt=\"\" class=\"wp-image-4473\" style=\"aspect-ratio:3\/4;object-fit:cover\"\/><\/figure>\n<\/div>\n<\/div>\n<\/div><\/div>\n<\/div><\/div>\n\n\n\n<div class=\"wp-block-group\"><div class=\"wp-block-group__inner-container is-layout-constrained wp-block-group-is-layout-constrained\">\n<div class=\"wp-block-columns gtm-appel-action is-layout-flex wp-container-core-columns-is-layout-28f84493 wp-block-columns-is-layout-flex\">\n<div class=\"wp-block-column animate-fade-in is-layout-flow wp-block-column-is-layout-flow\">\n<div class=\"wp-block-cover gtm-bg gtm-action\" style=\"border-radius:0px;min-height:280px;aspect-ratio:unset;\"><img alt=\"\" loading=\"lazy\" decoding=\"async\" width=\"1024\" height=\"626\" class=\"wp-block-cover__image-background wp-image-3773 size-large\" alt=\"\" src=\"https:\/\/dev.fimav.qc.ca\/wp-content\/uploads\/2025\/05\/FIRE-Orchestra-CBA-55-1024x626.jpg\" data-object-fit=\"cover\" srcset=\"https:\/\/dev.fimav.qc.ca\/wp-content\/uploads\/2025\/05\/FIRE-Orchestra-CBA-55-1024x626.jpg 1024w, https:\/\/dev.fimav.qc.ca\/wp-content\/uploads\/2025\/05\/FIRE-Orchestra-CBA-55-300x183.jpg 300w\" sizes=\"auto, (max-width: 1024px) 100vw, 1024px\" \/><span aria-hidden=\"true\" class=\"wp-block-cover__background has-background-dim-100 has-background-dim wp-block-cover__gradient-background has-background-gradient\" style=\"background:linear-gradient(135deg,rgb(23,22,22) 0%,rgba(23,22,22,0.47) 100%)\"><\/span><div class=\"wp-block-cover__inner-container is-layout-constrained wp-block-cover-is-layout-constrained\">\n<h3 class=\"wp-block-heading has-text-align-center\">CONCERTS<\/h3>\n\n\n\n<div class=\"wp-block-buttons is-content-justification-center is-layout-flex wp-container-core-buttons-is-layout-a89b3969 wp-block-buttons-is-layout-flex\">\n<div class=\"wp-block-button gtm-btn-primary\"><a class=\"wp-block-button__link wp-element-button\" href=\"https:\/\/dev.fimav.qc.ca\/en\/concerts\/\">Find out more<\/a><\/div>\n<\/div>\n<\/div><\/div>\n<\/div>\n\n\n\n<div class=\"wp-block-column animate-fade-in-2 is-layout-flow wp-block-column-is-layout-flow\">\n<div class=\"wp-block-cover gtm-bg gtm-action\" style=\"border-radius:0px;min-height:280px;aspect-ratio:unset;\"><img alt=\"\" loading=\"lazy\" decoding=\"async\" width=\"2100\" height=\"1400\" class=\"wp-block-cover__image-background wp-image-2367\" alt=\"\" src=\"https:\/\/dev.fimav.qc.ca\/wp-content\/uploads\/2025\/03\/PeterVanHaaften_GarnetWillis-13.jpg\" data-object-fit=\"cover\" srcset=\"https:\/\/dev.fimav.qc.ca\/wp-content\/uploads\/2025\/03\/PeterVanHaaften_GarnetWillis-13.jpg 2100w, https:\/\/dev.fimav.qc.ca\/wp-content\/uploads\/2025\/03\/PeterVanHaaften_GarnetWillis-13-300x200.jpg 300w, https:\/\/dev.fimav.qc.ca\/wp-content\/uploads\/2025\/03\/PeterVanHaaften_GarnetWillis-13-1024x683.jpg 1024w\" sizes=\"auto, (max-width: 2100px) 100vw, 2100px\" \/><span aria-hidden=\"true\" class=\"wp-block-cover__background has-background-dim-100 has-background-dim wp-block-cover__gradient-background has-background-gradient\" style=\"background:linear-gradient(135deg,rgb(23,22,22) 0%,rgba(23,22,22,0.47) 100%)\"><\/span><div class=\"wp-block-cover__inner-container is-layout-constrained wp-block-cover-is-layout-constrained\">\n<h3 class=\"wp-block-heading has-text-align-center\">SOUND ART INSTALLATIONS<\/h3>\n\n\n\n<div class=\"wp-block-buttons is-content-justification-center is-layout-flex wp-container-core-buttons-is-layout-a89b3969 wp-block-buttons-is-layout-flex\">\n<div class=\"wp-block-button gtm-btn-primary\"><a class=\"wp-block-button__link wp-element-button\" href=\"https:\/\/dev.fimav.qc.ca\/en\/sound-art-installations-2\/\">Find out more<\/a><\/div>\n<\/div>\n<\/div><\/div>\n<\/div>\n\n\n\n<div class=\"wp-block-column animate-fade-in-3 is-layout-flow wp-block-column-is-layout-flow\">\n<div class=\"wp-block-cover gtm-bg gtm-action\" style=\"border-radius:0px;min-height:280px;aspect-ratio:unset;\"><img alt=\"\" loading=\"lazy\" decoding=\"async\" width=\"1800\" height=\"1150\" class=\"wp-block-cover__image-background wp-image-2393\" alt=\"\" src=\"https:\/\/dev.fimav.qc.ca\/wp-content\/uploads\/2025\/03\/KLemieux-BJNilsen-3.jpg\" data-object-fit=\"cover\" srcset=\"https:\/\/dev.fimav.qc.ca\/wp-content\/uploads\/2025\/03\/KLemieux-BJNilsen-3.jpg 1800w, https:\/\/dev.fimav.qc.ca\/wp-content\/uploads\/2025\/03\/KLemieux-BJNilsen-3-300x192.jpg 300w, https:\/\/dev.fimav.qc.ca\/wp-content\/uploads\/2025\/03\/KLemieux-BJNilsen-3-1024x654.jpg 1024w\" sizes=\"auto, (max-width: 1800px) 100vw, 1800px\" \/><span aria-hidden=\"true\" class=\"wp-block-cover__background has-background-dim-100 has-background-dim wp-block-cover__gradient-background has-background-gradient\" style=\"background:linear-gradient(135deg,rgb(23,22,22) 0%,rgba(23,22,22,0.47) 100%)\"><\/span><div class=\"wp-block-cover__inner-container is-layout-constrained wp-block-cover-is-layout-constrained\">\n<h3 class=\"wp-block-heading has-text-align-center\">DISCOVER MUSIQUE ACTUELLE<\/h3>\n\n\n\n<div class=\"wp-block-buttons is-content-justification-center is-layout-flex wp-container-core-buttons-is-layout-a89b3969 wp-block-buttons-is-layout-flex\">\n<div class=\"wp-block-button gtm-btn-primary\"><a class=\"wp-block-button__link wp-element-button\" href=\"https:\/\/dev.fimav.qc.ca\/en\/musique-actuelle-elsewhere\/\">Find out more<\/a><\/div>\n<\/div>\n<\/div><\/div>\n<\/div>\n<\/div>\n<\/div><\/div>\n\n\n\n<div class=\"wp-block-columns gtm-footer-standard animate-fade-in is-layout-flex wp-container-core-columns-is-layout-8dc9b08b wp-block-columns-is-layout-flex\" style=\"margin-top:0;margin-bottom:0\">\n<div class=\"wp-block-column is-layout-flow wp-block-column-is-layout-flow\">\n<div class=\"wp-block-columns are-vertically-aligned-center gtm-footer-content is-layout-flex wp-container-core-columns-is-layout-28f84493 wp-block-columns-is-layout-flex\">\n<div class=\"wp-block-column is-vertically-aligned-center is-layout-flow wp-block-column-is-layout-flow\"><div class=\"wp-block-image gtm-logo-footer\">\n<figure class=\"aligncenter size-large is-resized\"><a href=\"\/\"><img decoding=\"async\" src=\"https:\/\/dev.fimav.qc.ca\/wp-content\/uploads\/2025\/01\/logo-fimav-42.png\" alt=\"Fimav logo\" style=\"width:264px;height:auto\"\/><\/a><\/figure>\n<\/div><\/div>\n\n\n\n<div class=\"wp-block-column is-vertically-aligned-center gtm-footer-center is-layout-flow wp-block-column-is-layout-flow\">\n<p><a href=\"https:\/\/maps.app.goo.gl\/yLL62MWrL36SGHNa8\" target=\"_blank\" rel=\"noreferrer noopener nofollow\">82, rue Notre-Dame Est<br\/>Victoriaville (Qu\u00e9bec), Canada G6P 3Z6<\/a><\/p>\n\n\n\n<p><a href=\"tel:18197527912\" target=\"_blank\" rel=\"noreferrer noopener nofollow\">1 819 752-7912<\/a><\/p>\n\n\n\n<div class=\"wp-block-buttons is-content-justification-center is-layout-flex wp-container-core-buttons-is-layout-a89b3969 wp-block-buttons-is-layout-flex\">\n<div class=\"wp-block-button gtm-btn-secondary\"><a class=\"wp-block-button__link wp-element-button\" href=\"https:\/\/dev.fimav.qc.ca\/en\/contact-us-2\/\">Contact us<\/a><\/div>\n<\/div>\n<\/div>\n\n\n\n<div class=\"wp-block-column is-vertically-aligned-center gtm-footer-center is-layout-flow wp-block-column-is-layout-flow\">\n<ul class=\"wp-block-social-links is-content-justification-center is-layout-flex wp-container-core-social-links-is-layout-a89b3969 wp-block-social-links-is-layout-flex\"><li class=\"wp-social-link wp-social-link-facebook  gtm-ms wp-block-social-link\"><a href=\"https:\/\/www.facebook.com\/musiqueactuellevicto\" class=\"wp-block-social-link-anchor\"><svg width=\"24\" height=\"24\" viewBox=\"0 0 24 24\" version=\"1.1\" xmlns=\"http:\/\/www.w3.org\/2000\/svg\" aria-hidden=\"true\" focusable=\"false\"><path d=\"M12 2C6.5 2 2 6.5 2 12c0 5 3.7 9.1 8.4 9.9v-7H7.9V12h2.5V9.8c0-2.5 1.5-3.9 3.8-3.9 1.1 0 2.2.2 2.2.2v2.5h-1.3c-1.2 0-1.6.8-1.6 1.6V12h2.8l-.4 2.9h-2.3v7C18.3 21.1 22 17 22 12c0-5.5-4.5-10-10-10z\"><\/path><\/svg><span class=\"wp-block-social-link-label screen-reader-text\">Facebook<\/span><\/a><\/li>\n\n<li class=\"wp-social-link wp-social-link-youtube  wp-block-social-link\"><a href=\"https:\/\/www.youtube.com\/TheFimav\" class=\"wp-block-social-link-anchor\"><svg width=\"24\" height=\"24\" viewBox=\"0 0 24 24\" version=\"1.1\" xmlns=\"http:\/\/www.w3.org\/2000\/svg\" aria-hidden=\"true\" focusable=\"false\"><path d=\"M21.8,8.001c0,0-0.195-1.378-0.795-1.985c-0.76-0.797-1.613-0.801-2.004-0.847c-2.799-0.202-6.997-0.202-6.997-0.202 h-0.009c0,0-4.198,0-6.997,0.202C4.608,5.216,3.756,5.22,2.995,6.016C2.395,6.623,2.2,8.001,2.2,8.001S2,9.62,2,11.238v1.517 c0,1.618,0.2,3.237,0.2,3.237s0.195,1.378,0.795,1.985c0.761,0.797,1.76,0.771,2.205,0.855c1.6,0.153,6.8,0.201,6.8,0.201 s4.203-0.006,7.001-0.209c0.391-0.047,1.243-0.051,2.004-0.847c0.6-0.607,0.795-1.985,0.795-1.985s0.2-1.618,0.2-3.237v-1.517 C22,9.62,21.8,8.001,21.8,8.001z M9.935,14.594l-0.001-5.62l5.404,2.82L9.935,14.594z\"><\/path><\/svg><span class=\"wp-block-social-link-label screen-reader-text\">YouTube<\/span><\/a><\/li>\n\n<li class=\"wp-social-link wp-social-link-instagram  wp-block-social-link\"><a href=\"https:\/\/www.instagram.com\/fimav_victo\/\" class=\"wp-block-social-link-anchor\"><svg width=\"24\" height=\"24\" viewBox=\"0 0 24 24\" version=\"1.1\" xmlns=\"http:\/\/www.w3.org\/2000\/svg\" aria-hidden=\"true\" focusable=\"false\"><path d=\"M12,4.622c2.403,0,2.688,0.009,3.637,0.052c0.877,0.04,1.354,0.187,1.671,0.31c0.42,0.163,0.72,0.358,1.035,0.673 c0.315,0.315,0.51,0.615,0.673,1.035c0.123,0.317,0.27,0.794,0.31,1.671c0.043,0.949,0.052,1.234,0.052,3.637 s-0.009,2.688-0.052,3.637c-0.04,0.877-0.187,1.354-0.31,1.671c-0.163,0.42-0.358,0.72-0.673,1.035 c-0.315,0.315-0.615,0.51-1.035,0.673c-0.317,0.123-0.794,0.27-1.671,0.31c-0.949,0.043-1.233,0.052-3.637,0.052 s-2.688-0.009-3.637-0.052c-0.877-0.04-1.354-0.187-1.671-0.31c-0.42-0.163-0.72-0.358-1.035-0.673 c-0.315-0.315-0.51-0.615-0.673-1.035c-0.123-0.317-0.27-0.794-0.31-1.671C4.631,14.688,4.622,14.403,4.622,12 s0.009-2.688,0.052-3.637c0.04-0.877,0.187-1.354,0.31-1.671c0.163-0.42,0.358-0.72,0.673-1.035 c0.315-0.315,0.615-0.51,1.035-0.673c0.317-0.123,0.794-0.27,1.671-0.31C9.312,4.631,9.597,4.622,12,4.622 M12,3 C9.556,3,9.249,3.01,8.289,3.054C7.331,3.098,6.677,3.25,6.105,3.472C5.513,3.702,5.011,4.01,4.511,4.511 c-0.5,0.5-0.808,1.002-1.038,1.594C3.25,6.677,3.098,7.331,3.054,8.289C3.01,9.249,3,9.556,3,12c0,2.444,0.01,2.751,0.054,3.711 c0.044,0.958,0.196,1.612,0.418,2.185c0.23,0.592,0.538,1.094,1.038,1.594c0.5,0.5,1.002,0.808,1.594,1.038 c0.572,0.222,1.227,0.375,2.185,0.418C9.249,20.99,9.556,21,12,21s2.751-0.01,3.711-0.054c0.958-0.044,1.612-0.196,2.185-0.418 c0.592-0.23,1.094-0.538,1.594-1.038c0.5-0.5,0.808-1.002,1.038-1.594c0.222-0.572,0.375-1.227,0.418-2.185 C20.99,14.751,21,14.444,21,12s-0.01-2.751-0.054-3.711c-0.044-0.958-0.196-1.612-0.418-2.185c-0.23-0.592-0.538-1.094-1.038-1.594 c-0.5-0.5-1.002-0.808-1.594-1.038c-0.572-0.222-1.227-0.375-2.185-0.418C14.751,3.01,14.444,3,12,3L12,3z M12,7.378 c-2.552,0-4.622,2.069-4.622,4.622S9.448,16.622,12,16.622s4.622-2.069,4.622-4.622S14.552,7.378,12,7.378z M12,15 c-1.657,0-3-1.343-3-3s1.343-3,3-3s3,1.343,3,3S13.657,15,12,15z M16.804,6.116c-0.596,0-1.08,0.484-1.08,1.08 s0.484,1.08,1.08,1.08c0.596,0,1.08-0.484,1.08-1.08S17.401,6.116,16.804,6.116z\"><\/path><\/svg><span class=\"wp-block-social-link-label screen-reader-text\">Instagram<\/span><\/a><\/li><\/ul>\n<\/div>\n<\/div>\n<\/div>\n<\/div>\n<\/div><\/div>\n","protected":false},"excerpt":{"rendered":"<p>Volunteering Devenez b\u00e9n\u00e9vole du FIMAV! (page not available in English) En mai, Victoriaville se pare des couleurs du FIMAV 42 et pour nous aider au succ\u00e8s du renouveau de cette \u00e9dition compl\u00e8te, nous sommes \u00e0 la recherche d\u2019une \u00e9quipe de b\u00e9n\u00e9voles passionn\u00e9\u00b7e\u00b7s, motiv\u00e9\u00b7e\u00b7s et curieux\u00b7se. C\u2019est tout de m\u00eame un \u00e9v\u00e9nement musical unique en Am\u00e9rique <a href=\"https:\/\/dev.fimav.qc.ca\/en\/involvement\/\" class=\"more-link\">&#8230;<span class=\"screen-reader-text\">  Get Involved<\/span><\/a><\/p>\n","protected":false},"author":1,"featured_media":4626,"parent":0,"menu_order":0,"comment_status":"closed","ping_status":"closed","template":"","meta":{"_seopress_robots_primary_cat":"","_seopress_titles_title":"","_seopress_titles_desc":"FIMAV 42, which will take place from May 11 to 17, 2026, in Victoriaville, Quebec, will feature more than 20 concerts of experimental music, films, and sound art installations.","_seopress_robots_index":"","inline_featured_image":false,"footnotes":""},"class_list":["post-1768","page","type-page","status-publish","has-post-thumbnail","hentry"],"_links":{"self":[{"href":"https:\/\/dev.fimav.qc.ca\/en\/wp-json\/wp\/v2\/pages\/1768","targetHints":{"allow":["GET"]}}],"collection":[{"href":"https:\/\/dev.fimav.qc.ca\/en\/wp-json\/wp\/v2\/pages"}],"about":[{"href":"https:\/\/dev.fimav.qc.ca\/en\/wp-json\/wp\/v2\/types\/page"}],"author":[{"embeddable":true,"href":"https:\/\/dev.fimav.qc.ca\/en\/wp-json\/wp\/v2\/users\/1"}],"replies":[{"embeddable":true,"href":"https:\/\/dev.fimav.qc.ca\/en\/wp-json\/wp\/v2\/comments?post=1768"}],"version-history":[{"count":12,"href":"https:\/\/dev.fimav.qc.ca\/en\/wp-json\/wp\/v2\/pages\/1768\/revisions"}],"predecessor-version":[{"id":4595,"href":"https:\/\/dev.fimav.qc.ca\/en\/wp-json\/wp\/v2\/pages\/1768\/revisions\/4595"}],"wp:featuredmedia":[{"embeddable":true,"href":"https:\/\/dev.fimav.qc.ca\/en\/wp-json\/wp\/v2\/media\/4626"}],"wp:attachment":[{"href":"https:\/\/dev.fimav.qc.ca\/en\/wp-json\/wp\/v2\/media?parent=1768"}],"curies":[{"name":"wp","href":"https:\/\/api.w.org\/{rel}","templated":true}]}}